{"id":7048,"date":"2024-11-18T09:06:59","date_gmt":"2024-11-18T08:06:59","guid":{"rendered":"https:\/\/www.kfc.upol.cz\/?page_id=7048"},"modified":"2024-11-19T08:35:05","modified_gmt":"2024-11-19T07:35:05","slug":"erasmus","status":"publish","type":"page","link":"https:\/\/www.kfc.upol.cz\/en\/vyuka\/erasmus\/","title":{"rendered":"Erasmus+"},"content":{"rendered":"[vc_row type=&#8221;in_container&#8221; full_screen_row_position=&#8221;middle&#8221; column_margin=&#8221;default&#8221; column_direction=&#8221;default&#8221; column_direction_tablet=&#8221;default&#8221; column_direction_phone=&#8221;default&#8221; scene_position=&#8221;center&#8221; text_color=&#8221;dark&#8221; text_align=&#8221;left&#8221; row_border_radius=&#8221;none&#8221; row_border_radius_applies=&#8221;bg&#8221; overflow=&#8221;visible&#8221; overlay_strength=&#8221;0.3&#8243; gradient_direction=&#8221;left_to_right&#8221; shape_divider_position=&#8221;bottom&#8221; bg_image_animation=&#8221;none&#8221;][vc_column column_padding=&#8221;no-extra-padding&#8221; column_padding_tablet=&#8221;inherit&#8221; column_padding_phone=&#8221;inherit&#8221; column_padding_position=&#8221;all&#8221; column_element_direction_desktop=&#8221;default&#8221; column_element_spacing=&#8221;default&#8221; desktop_text_alignment=&#8221;default&#8221; tablet_text_alignment=&#8221;default&#8221; phone_text_alignment=&#8221;default&#8221; background_color_opacity=&#8221;1&#8243; background_hover_color_opacity=&#8221;1&#8243; column_backdrop_filter=&#8221;none&#8221; column_shadow=&#8221;none&#8221; column_border_radius=&#8221;none&#8221; column_link_target=&#8221;_self&#8221; column_position=&#8221;default&#8221; gradient_direction=&#8221;left_to_right&#8221; overlay_strength=&#8221;0.3&#8243; width=&#8221;1\/1&#8243; tablet_width_inherit=&#8221;default&#8221; animation_type=&#8221;default&#8221; bg_image_animation=&#8221;none&#8221; border_type=&#8221;simple&#8221; column_border_width=&#8221;none&#8221; column_border_style=&#8221;solid&#8221;][divider line_type=&#8221;No Line&#8221; custom_height=&#8221;80&#8243;][\/vc_column][\/vc_row][vc_row type=&#8221;in_container&#8221; full_screen_row_position=&#8221;middle&#8221; column_margin=&#8221;default&#8221; column_direction=&#8221;default&#8221; column_direction_tablet=&#8221;default&#8221; column_direction_phone=&#8221;default&#8221; scene_position=&#8221;center&#8221; text_color=&#8221;dark&#8221; text_align=&#8221;left&#8221; row_border_radius=&#8221;none&#8221; row_border_radius_applies=&#8221;bg&#8221; overflow=&#8221;visible&#8221; overlay_strength=&#8221;0.3&#8243; gradient_direction=&#8221;left_to_right&#8221; shape_divider_position=&#8221;bottom&#8221; bg_image_animation=&#8221;none&#8221;][vc_column column_padding=&#8221;no-extra-padding&#8221; column_padding_tablet=&#8221;inherit&#8221; column_padding_phone=&#8221;inherit&#8221; column_padding_position=&#8221;all&#8221; column_element_direction_desktop=&#8221;default&#8221; column_element_spacing=&#8221;default&#8221; desktop_text_alignment=&#8221;default&#8221; tablet_text_alignment=&#8221;default&#8221; phone_text_alignment=&#8221;default&#8221; background_color_opacity=&#8221;1&#8243; background_hover_color_opacity=&#8221;1&#8243; column_backdrop_filter=&#8221;none&#8221; column_shadow=&#8221;none&#8221; column_border_radius=&#8221;none&#8221; column_link_target=&#8221;_self&#8221; column_position=&#8221;default&#8221; gradient_direction=&#8221;left_to_right&#8221; overlay_strength=&#8221;0.3&#8243; width=&#8221;1\/1&#8243; tablet_width_inherit=&#8221;default&#8221; animation_type=&#8221;default&#8221; bg_image_animation=&#8221;none&#8221; border_type=&#8221;simple&#8221; column_border_width=&#8221;none&#8221; column_border_style=&#8221;solid&#8221;][vc_column_text]\n<ul>\n<li><strong>informace k\u00a0zahrani\u010dn\u00edm v\u00fdjezd\u016fm na st\u00e1\u017ee<\/strong> (studentsk\u00e9 i zam\u011bstnaneck\u00e9) a <strong>studijn\u00ed pobyty<\/strong><\/li>\n<li>V\u00fdjezdy je mo\u017en\u00e9 financovat (alespo\u0148 \u010d\u00e1ste\u010dn\u011b) z\u00a0pen\u011bz Erasmu nebo dal\u0161\u00edch zdroj\u016f UP, ale je pro to nutn\u00e9 podniknout p\u00e1r n\u00e1le\u017eitost\u00ed.<\/li>\n<li>Pokud m\u00e1te <strong>zahrani\u010dn\u00edho partnera<\/strong>, s\u00a0kter\u00fdm spolupracujete, a m\u00e1te v\u00a0pl\u00e1nu vyjet k\u00a0n\u011bmu na st\u00e1\u017e \u010di \u0161kolen\u00ed (a\u0165 u\u017e doktorandi nebo zam\u011bstnanci), je mo\u017en\u00e9 <strong>uzav\u0159\u00edt<\/strong> s\u00a0nimi <strong>smlouvu Erasmus<\/strong>. Uzav\u0159en\u00ed smlouvy vy\u017eaduje ur\u010dit\u00fd \u010das, proto je t\u0159eba zalo\u017eit smlouvu dostate\u010dn\u011b dlouho dop\u0159edu. V p\u0159\u00edpad\u011b z\u00e1jmu o uzav\u0159en\u00ed nov\u00e9 smlouvy pros\u00edm kontaktujte ERASMUS koordin\u00e1torku Katedry fyzik\u00e1ln\u00ed chemie <a href=\"https:\/\/www.kfc.upol.cz\/katedra\/zamestnanci\/otyepkova\/\">RNDr. Evu Otyepkovou, Ph.D.<\/a><\/li>\n<li>KFC m\u00e1 zat\u00edm uzav\u0159eny smlouvy s\u00a0t\u011bmito institucemi:\n<ul>\n<li>Univerzita v\u00a0Debrecenu (Ma\u010farsko)<\/li>\n<li>Univerzita v Salzburgu (Rakousko)<\/li>\n<li>Univerzita v Cagliari (It\u00e1lie)<\/li>\n<\/ul>\n<\/li>\n<li>Ve\u0161ker\u00e9 <strong>zahrani\u010dn\u00ed cesty<\/strong> je nutn\u00e9 <strong>pl\u00e1novat<\/strong> dostate\u010dn\u011b dlouho <strong>dop\u0159edu<\/strong>, aby se stihly vy\u0159\u00eddit ve\u0161ker\u00e9 n\u00e1le\u017eitosti mo\u017enosti finan\u010dn\u00ed podpory.<\/li>\n<li><strong><u>Doktorandi<\/u><\/strong> mus\u00ed <strong>hl\u00e1sit<\/strong> dop\u0159edu ve\u0161ker\u00e9 <strong>zahrani\u010dn\u00ed cesty del\u0161\u00ed ne\u017e 14 dn\u016f<\/strong> fakultn\u00ed koordin\u00e1torce ERASMU p. <em>Marii Rakov\u00e9<\/em>. Univerzita mus\u00ed v\u0161echny del\u0161\u00ed v\u00fdjezdy evidovat a vykazovat.\n<ul>\n<li>N<strong>ahla\u0161ov\u00e1n\u00ed<\/strong> v\u0161ech <strong>v\u00fdjezd\u016f<\/strong> student\u016f do zahrani\u010d\u00ed <strong>del\u0161\u00edch n\u011b\u017e 13 dn\u00ed<\/strong> pan\u00ed Rakov\u00e9 na studijn\u00ed odd\u011blen\u00ed <a href=\"mailto:marie.rakova@upol.cz\">marie.rakova@upol.cz<\/a><\/li>\n<li>Uv\u00e1d\u011bjte <strong><em>jm\u00e9no studenta<\/em><\/strong>, <strong><em>term\u00edn pobytu<\/em><\/strong> od-do, <strong><em>m\u00edsto pobytu<\/em><\/strong> (m\u011bsto, st\u00e1t).<\/li>\n<li>T\u00fdk\u00e1 se bakal\u00e1\u0159sk\u00fdch, navazuj\u00edc\u00edch i doktorsk\u00fdch student\u016f.<\/li>\n<\/ul>\n<\/li>\n<\/ul>\n<p>&nbsp;<\/p>\n<p><strong>V\u00fdhody pro studenty<\/strong>, kte\u0159\u00ed v\u00fdjezd nahl\u00e1s\u00ed:<\/p>\n<ul>\n<li>V p\u0159\u00edpad\u011b v\u00fdjezd\u016f v d\u00e9lce alespo\u0148 jednoho m\u011bs\u00edce mohou po\u017e\u00e1dat o jednor\u00e1zov\u00e9 <strong>mimo\u0159\u00e1dn\u00e9 stipendium pro studium v zahrani\u010d\u00ed<\/strong> ve v\u00fd\u0161i 5000,-\u00a0K\u010d (je t\u0159eba podat \u017e\u00e1dost o v\u00fdplatu mimo\u0159\u00e1dn\u00e9ho stipendia).<\/li>\n<\/ul>\n<p><a href=\"https:\/\/www.prf.upol.cz\/studenti\/studium\/#c5945\">Studium: P\u0159\u00edrodov\u011bdeck\u00e1 fakulta UP<\/a><\/p>\n<ul>\n<li>Mobilitu budou m\u00edt uvedenou v Diploma Supplement.<\/li>\n<li><strong>Nahla\u0161ovat<\/strong> je t\u0159eba <strong>i p\u0159ij\u00ed\u017ed\u011bj\u00edc\u00ed studenty<\/strong> (v\u010detn\u011b doktorand\u016f; v\u00fdzkumn\u00e9\/pracovn\u00ed st\u00e1\u017ee).<\/li>\n<li>Na podzim b\u00fdv\u00e1 informativn\u00ed sch\u016fzka o Erasmu pro studenty<\/li>\n<\/ul>\n<p>Informace k\u00a0Erasmu najdete na webov\u00fdch str\u00e1nk\u00e1ch:<\/p>\n<ul>\n<li><strong>P\u0159\u00edrodov\u011bdeck\u00e9 fakulty UP<\/strong> (<a href=\"https:\/\/www.prf.upol.cz\/\">P\u0159\u00edrodov\u011bdeck\u00e1 fakulta UP<\/a>)<\/li>\n<\/ul>\n<p>v\u00a0sekci <strong>Studenti<\/strong> (<a href=\"https:\/\/www.prf.upol.cz\/studenti\/\">Studenti: P\u0159\u00edrodov\u011bdeck\u00e1 fakulta UP<\/a>) (na horn\u00ed li\u0161t\u011b) vybrat<\/p>\n<ul>\n<li><strong>Studium v\u00a0zahrani\u010d\u00ed<\/strong> (<a href=\"https:\/\/www.prf.upol.cz\/studenti\/studium-v-zahranici\/\">Studium v zahrani\u010d\u00ed: P\u0159\u00edrodov\u011bdeck\u00e1 fakulta UP<\/a>)<\/li>\n<\/ul>\n<p>zde jsou ve\u0161ker\u00e9 informace k\u00a0<a href=\"https:\/\/www.prf.upol.cz\/studenti\/studium-v-zahranici\/#c5984\">Erasmu<\/a><\/p>\n<ul>\n<li>po rozkliknut\u00ed <a href=\"https:\/\/www.prf.upol.cz\/studenti\/studium-v-zahranici\/#c5984\"><strong>Erasmus+<\/strong><\/a> jsou zde informace o Podm\u00ednk\u00e1ch pro \u00fa\u010dast studenta v\u00a0programu Erasmus +<\/li>\n<li>po rozkliknut\u00ed <strong>Praktick\u00e9 st\u00e1\u017ee<\/strong> jsou zde informace o n\u00e1le\u017eitostech, kter\u00e9 je t\u0159eba si vy\u0159\u00eddit p\u0159ed v\u00fdjezdem (<em>Letter of Admission<\/em> (LoA), <em>Learning Agreement for Traineeships<\/em> (LA) a tak\u00e9 seznam pot\u0159ebn\u00fdch podklad\u016f \u017eadatele<\/li>\n<\/ul>\n<ul>\n<li><strong>Univerzity Palack\u00e9ho<\/strong> (<a href=\"https:\/\/www.upol.cz\/\">Univerzita Palack\u00e9ho v Olomouci<\/a>)<\/li>\n<\/ul>\n<p>v\u00a0sekci <strong>Studenti<\/strong> (<a href=\"https:\/\/www.upol.cz\/studenti\/\">Studenti: Univerzita Palack\u00e9ho v Olomouci<\/a>) (na horn\u00ed li\u0161t\u011b) vybrat<\/p>\n<ul>\n<li><strong>Zahrani\u010d\u00ed<\/strong> (<a href=\"https:\/\/international.upol.cz\/\">Mezin\u00e1rodn\u00ed spolupr\u00e1ce: Mezin\u00e1rodn\u00ed spolupr\u00e1ce<\/a>)<\/li>\n<li>po rozkliknut\u00ed <strong>Erasmus+<\/strong> (<a href=\"https:\/\/international.upol.cz\/erasmus\/\">Mezin\u00e1rodn\u00ed spolupr\u00e1ce: Erasmus+: Mezin\u00e1rodn\u00ed spolupr\u00e1ce<\/a>) jsou zde informace t\u00fdkaj\u00edc\u00ed se\u00a0programu <em>Erasmus+<\/em> a ve\u0161ker\u00fdch <em>mobilit<\/em> jak student\u016f, tak i zam\u011bstnanc\u016f<\/li>\n<li>dole na str\u00e1nce je sekce <strong>Dokumenty<\/strong> a po jej\u00edm rozkliknut\u00ed se otev\u0159e str\u00e1nka s\u00a0pot\u0159ebn\u00fdmi dokumenty pro ve\u0161ker\u00e9 mobility (<a href=\"https:\/\/international.upol.cz\/vymenne-pobyty\/dokumenty\/\">Mezin\u00e1rodn\u00ed spolupr\u00e1ce: Dokumenty: Mezin\u00e1rodn\u00ed spolupr\u00e1ce<\/a>)<\/li>\n<\/ul>\n[\/vc_column_text][\/vc_column][\/vc_row]\n","protected":false},"excerpt":{"rendered":"<p>[vc_row type=&#8221;in_container&#8221; full_screen_row_position=&#8221;middle&#8221; column_margin=&#8221;default&#8221; column_direction=&#8221;default&#8221; column_direction_tablet=&#8221;default&#8221; column_direction_phone=&#8221;default&#8221; scene_position=&#8221;center&#8221; text_color=&#8221;dark&#8221; text_align=&#8221;left&#8221; row_border_radius=&#8221;none&#8221; row_border_radius_applies=&#8221;bg&#8221; overflow=&#8221;visible&#8221; overlay_strength=&#8221;0.3&#8243; gradient_direction=&#8221;left_to_right&#8221; shape_divider_position=&#8221;bottom&#8221; bg_image_animation=&#8221;none&#8221;][vc_column column_padding=&#8221;no-extra-padding&#8221; column_padding_tablet=&#8221;inherit&#8221; column_padding_phone=&#8221;inherit&#8221; column_padding_position=&#8221;all&#8221; column_element_direction_desktop=&#8221;default&#8221; column_element_spacing=&#8221;default&#8221; desktop_text_alignment=&#8221;default&#8221; tablet_text_alignment=&#8221;default&#8221;&#8230;<\/p>\n","protected":false},"author":1,"featured_media":0,"parent":0,"menu_order":0,"comment_status":"closed","ping_status":"closed","template":"","meta":{"footnotes":""},"class_list":["post-7048","page","type-page","status-publish"],"_links":{"self":[{"href":"https:\/\/www.kfc.upol.cz\/en\/wp-json\/wp\/v2\/pages\/7048","targetHints":{"allow":["GET"]}}],"collection":[{"href":"https:\/\/www.kfc.upol.cz\/en\/wp-json\/wp\/v2\/pages"}],"about":[{"href":"https:\/\/www.kfc.upol.cz\/en\/wp-json\/wp\/v2\/types\/page"}],"author":[{"embeddable":true,"href":"https:\/\/www.kfc.upol.cz\/en\/wp-json\/wp\/v2\/users\/1"}],"replies":[{"embeddable":true,"href":"https:\/\/www.kfc.upol.cz\/en\/wp-json\/wp\/v2\/comments?post=7048"}],"version-history":[{"count":6,"href":"https:\/\/www.kfc.upol.cz\/en\/wp-json\/wp\/v2\/pages\/7048\/revisions"}],"predecessor-version":[{"id":7057,"href":"https:\/\/www.kfc.upol.cz\/en\/wp-json\/wp\/v2\/pages\/7048\/revisions\/7057"}],"wp:attachment":[{"href":"https:\/\/www.kfc.upol.cz\/en\/wp-json\/wp\/v2\/media?parent=7048"}],"curies":[{"name":"wp","href":"https:\/\/api.w.org\/{rel}","templated":true}]}}